{"id":552,"date":"2021-02-09T14:13:59","date_gmt":"2021-02-09T14:13:59","guid":{"rendered":"https:\/\/silversea-world-cruises.com\/?page_id=552"},"modified":"2021-07-29T18:29:13","modified_gmt":"2021-07-29T18:29:13","slug":"silver-origin-2023","status":"publish","type":"page","link":"https:\/\/silversea-world-cruises.com\/?page_id=552","title":{"rendered":"Silver Origin 2023"},"content":{"rendered":"\n<figure id=\"table3\" class=\"wp-block-table is-style-stripes\"><table><tbody><tr><td><a href=\"https:\/\/deluxecruises.com\/deals\/index.php\"><\/a><\/td><td>January 7-14 2023<\/td><td>7<\/td><td><a href=\"https:\/\/deluxecruises.com\/silversea\/silver-origin\/cruises-2023\/january-7-14.htm\">Baltra to San Cristobal (Galapguera)<\/a><br><a href=\"https:\/\/deluxecruises.com\/silversea\/silver-origin\/cruises-2023\/january-7-14.htm\">Voyage OR230107007<\/a><\/td><\/tr><tr><td><a href=\"https:\/\/deluxecruises.com\/deals\/index.php\"><\/a><\/td><td>January 14-21 2023<\/td><td>7<\/td><td><a href=\"https:\/\/deluxecruises.com\/silversea\/silver-origin\/cruises-2023\/january-14-21.htm\">San Cristobal (Galapguera) to Baltra<\/a><br><a href=\"https:\/\/deluxecruises.com\/silversea\/silver-origin\/cruises-2023\/january-14-21.htm\">Voyage OR230114007<\/a><\/td><\/tr><tr><td><a href=\"https:\/\/deluxecruises.com\/deals\/index.php\"><\/a><\/td><td>January 21-28 2023<\/td><td>7<\/td><td><a href=\"https:\/\/deluxecruises.com\/silversea\/silver-origin\/cruises-2023\/january-21-28.htm\">Baltra to San Cristobal (Galapguera)<\/a><br><a href=\"https:\/\/deluxecruises.com\/silversea\/silver-origin\/cruises-2023\/january-21-28.htm\">Voyage OR230121007<\/a><\/td><\/tr><tr><td><a href=\"https:\/\/deluxecruises.com\/deals\/index.php\"><\/a><\/td><td>January 28 February 4 2023<\/td><td>7<\/td><td><a href=\"https:\/\/deluxecruises.com\/silversea\/silver-origin\/cruises-2023\/january-28-february-4.htm\">San Cristobal (Galapguera) to Baltra<\/a><br><a href=\"https:\/\/deluxecruises.com\/silversea\/silver-origin\/cruises-2023\/january-28-february-4.htm\">Voyage OR230128007<\/a><\/td><\/tr><tr><td><a href=\"https:\/\/deluxecruises.com\/deals\/index.php\"><\/a><\/td><td>February 4-11 2023<\/td><td>7<\/td><td><a href=\"https:\/\/deluxecruises.com\/silversea\/silver-origin\/cruises-2023\/february-4-11.htm\">Baltra to San Cristobal (Galapguera)<\/a><br><a href=\"https:\/\/deluxecruises.com\/silversea\/silver-origin\/cruises-2023\/february-4-11.htm\">Voyage OR230204007<\/a><\/td><\/tr><tr><td><a href=\"https:\/\/deluxecruises.com\/deals\/index.php\"><\/a><\/td><td>February 11-18 2023<\/td><td>7<\/td><td><a href=\"https:\/\/deluxecruises.com\/silversea\/silver-origin\/cruises-2023\/february-11-18.htm\">San Cristobal (Galapguera) to Baltra<\/a><br><a href=\"https:\/\/deluxecruises.com\/silversea\/silver-origin\/cruises-2023\/february-11-18.htm\">Voyage OR230211007<\/a><\/td><\/tr><tr><td><a href=\"https:\/\/deluxecruises.com\/deals\/index.php\"><\/a><\/td><td>February 18-25 2023<\/td><td>7<\/td><td><a href=\"https:\/\/deluxecruises.com\/silversea\/silver-origin\/cruises-2023\/february-18-25.htm\">Baltra to San Cristobal (Galapguera)<\/a><br><a href=\"https:\/\/deluxecruises.com\/silversea\/silver-origin\/cruises-2023\/february-18-25.htm\">Voyage OR230218007<\/a><\/td><\/tr><tr><td><a href=\"https:\/\/deluxecruises.com\/deals\/index.php\"><\/a><\/td><td>February 25 March 4 2023<\/td><td>7<\/td><td><a href=\"https:\/\/deluxecruises.com\/silversea\/silver-origin\/cruises-2023\/february-25-march-4.htm\">San Cristobal (Galapguera) to Baltra<\/a><br><a href=\"https:\/\/deluxecruises.com\/silversea\/silver-origin\/cruises-2023\/february-25-march-4.htm\">Voyage OR230225007<\/a><\/td><\/tr><tr><td><a href=\"https:\/\/deluxecruises.com\/deals\/index.php\"><\/a><\/td><td>March 4-11 2023<\/td><td>7<\/td><td><a href=\"https:\/\/deluxecruises.com\/silversea\/silver-origin\/cruises-2023\/march-4-11.htm\">Baltra to San Cristobal (Galapguera)<\/a><br><a href=\"https:\/\/deluxecruises.com\/silversea\/silver-origin\/cruises-2023\/march-4-11.htm\">Voyage OR230304007<\/a><\/td><\/tr><tr><td><a href=\"https:\/\/deluxecruises.com\/deals\/index.php\"><\/a><\/td><td>March 11-18 2023<\/td><td>7<\/td><td><a href=\"https:\/\/deluxecruises.com\/silversea\/silver-origin\/cruises-2023\/march-11-18.htm\">San Cristobal (Galapguera) to Baltra<\/a><br><a href=\"https:\/\/deluxecruises.com\/silversea\/silver-origin\/cruises-2023\/march-11-18.htm\">Voyage OR230311007<\/a><\/td><\/tr><tr><td><a href=\"https:\/\/deluxecruises.com\/deals\/index.php\"><\/a><\/td><td>March 18-25 2023<\/td><td>7<\/td><td><a href=\"https:\/\/deluxecruises.com\/silversea\/silver-origin\/cruises-2023\/march-18-25.htm\">Baltra to San Cristobal (Galapguera)<\/a><br><a href=\"https:\/\/deluxecruises.com\/silversea\/silver-origin\/cruises-2023\/march-18-25.htm\">Voyage OR230318007<\/a><\/td><\/tr><tr><td><a href=\"https:\/\/deluxecruises.com\/deals\/index.php\"><\/a><\/td><td>March 25 April 1 2023<\/td><td>7<\/td><td><a href=\"https:\/\/deluxecruises.com\/silversea\/silver-origin\/cruises-2023\/march-25-april-1.htm\">San Cristobal (Galapguera) to Baltra<\/a><br><a href=\"https:\/\/deluxecruises.com\/silversea\/silver-origin\/cruises-2023\/march-25-april-1.htm\">Voyage OR230325007<\/a><\/td><\/tr><tr><td><a href=\"https:\/\/deluxecruises.com\/deals\/index.php\"><\/a><\/td><td>April 1-8 2023<\/td><td>7<\/td><td><a href=\"https:\/\/deluxecruises.com\/silversea\/silver-origin\/cruises-2023\/april-1-8.htm\">Baltra to San Cristobal (Galapguera)<\/a><br><a href=\"https:\/\/deluxecruises.com\/silversea\/silver-origin\/cruises-2023\/april-1-8.htm\">Voyage OR230401007<\/a><\/td><\/tr><tr><td><a href=\"https:\/\/deluxecruises.com\/deals\/index.php\"><\/a><\/td><td>April 8-15 2023<\/td><td>7<\/td><td><a href=\"https:\/\/deluxecruises.com\/silversea\/silver-origin\/cruises-2023\/april-8-15.htm\">San Crist\u00f3bal, San Crist\u00f3bal to Baltra<\/a><br><a href=\"https:\/\/deluxecruises.com\/silversea\/silver-origin\/cruises-2023\/april-8-15.htm\">Voyage OR230408007<\/a><\/td><\/tr><tr><td><a href=\"https:\/\/deluxecruises.com\/deals\/index.php\"><\/a><\/td><td>April 15-22 2023<\/td><td>7<\/td><td><a href=\"https:\/\/deluxecruises.com\/silversea\/silver-origin\/cruises-2023\/april-15-22.htm\">Baltra to San Crist\u00f3bal, San Crist\u00f3bal<\/a><br><a href=\"https:\/\/deluxecruises.com\/silversea\/silver-origin\/cruises-2023\/april-15-22.htm\">Voyage OR230415007<\/a><\/td><\/tr><tr><td><a href=\"https:\/\/deluxecruises.com\/deals\/index.php\"><\/a><\/td><td>April 22-29 2023<\/td><td>7<\/td><td><a href=\"https:\/\/deluxecruises.com\/silversea\/silver-origin\/cruises-2023\/april-22-29.htm\">San Crist\u00f3bal, San Crist\u00f3bal to Baltra<\/a><br><a href=\"https:\/\/deluxecruises.com\/silversea\/silver-origin\/cruises-2023\/april-22-29.htm\">Voyage OR230422007<\/a><\/td><\/tr><tr><td><a href=\"https:\/\/deluxecruises.com\/deals\/index.php\"><\/a><\/td><td>April 29 May 6 2023<\/td><td>7<\/td><td><a href=\"https:\/\/deluxecruises.com\/silversea\/silver-origin\/cruises-2023\/april-29-may-6.htm\">Baltra to San Crist\u00f3bal, San Crist\u00f3bal<\/a><br><a href=\"https:\/\/deluxecruises.com\/silversea\/silver-origin\/cruises-2023\/april-29-may-6.htm\">Voyage OR230429007<\/a><\/td><\/tr><tr><td><a href=\"https:\/\/deluxecruises.com\/deals\/index.php\"><\/a><\/td><td>May 6-13 2023<\/td><td>7<\/td><td><a href=\"https:\/\/deluxecruises.com\/silversea\/silver-origin\/cruises-2023\/may-6-13.htm\">San Crist\u00f3bal, San Crist\u00f3bal to Baltra<\/a><br><a href=\"https:\/\/deluxecruises.com\/silversea\/silver-origin\/cruises-2023\/may-6-13.htm\">Voyage OR230506007<\/a><\/td><\/tr><tr><td><a href=\"https:\/\/deluxecruises.com\/deals\/index.php\"><\/a><\/td><td>May 13-20 2023<\/td><td>7<\/td><td><a href=\"https:\/\/deluxecruises.com\/silversea\/silver-origin\/cruises-2023\/may-13-20.htm\">Baltra to San Crist\u00f3bal, San Crist\u00f3bal<\/a><br><a href=\"https:\/\/deluxecruises.com\/silversea\/silver-origin\/cruises-2023\/may-13-20.htm\">Voyage OR230513007<\/a><\/td><\/tr><tr><td><a href=\"https:\/\/deluxecruises.com\/deals\/index.php\"><\/a><\/td><td>May 20-27 2023<\/td><td>7<\/td><td><a href=\"https:\/\/deluxecruises.com\/silversea\/silver-origin\/cruises-2023\/may-20-27.htm\">San Crist\u00f3bal, San Crist\u00f3bal to Baltra<\/a><br><a href=\"https:\/\/deluxecruises.com\/silversea\/silver-origin\/cruises-2023\/may-20-27.htm\">Voyage OR230520007<\/a><\/td><\/tr><tr><td><a href=\"https:\/\/deluxecruises.com\/deals\/index.php\"><\/a><\/td><td>May 27 June 3 2023<\/td><td>7<\/td><td><a href=\"https:\/\/deluxecruises.com\/silversea\/silver-origin\/cruises-2023\/may-27-june-3.htm\">Baltra to San Crist\u00f3bal, San Crist\u00f3bal<\/a><br><a href=\"https:\/\/deluxecruises.com\/silversea\/silver-origin\/cruises-2023\/may-27-june-3.htm\">Voyage OR230527007<\/a><\/td><\/tr><tr><td><a href=\"https:\/\/deluxecruises.com\/deals\/index.php\"><\/a><\/td><td>June 3-10 2023<\/td><td>7<\/td><td><a href=\"https:\/\/deluxecruises.com\/silversea\/silver-origin\/cruises-2023\/june-3-10.htm\">San Crist\u00f3bal, San Crist\u00f3bal to Baltra<\/a><br><a href=\"https:\/\/deluxecruises.com\/silversea\/silver-origin\/cruises-2023\/june-3-10.htm\">Voyage OR230603007<\/a><\/td><\/tr><tr><td><a href=\"https:\/\/deluxecruises.com\/deals\/index.php\"><\/a><\/td><td>June 10-17 2023<\/td><td>7<\/td><td><a href=\"https:\/\/deluxecruises.com\/silversea\/silver-origin\/cruises-2023\/june-10-17.htm\">Baltra to San Crist\u00f3bal, San Crist\u00f3bal<\/a><br><a href=\"https:\/\/deluxecruises.com\/silversea\/silver-origin\/cruises-2023\/june-10-17.htm\">Voyage OR230610007<\/a><\/td><\/tr><tr><td><a href=\"https:\/\/deluxecruises.com\/deals\/index.php\"><\/a><\/td><td>June 17-24 2023<\/td><td>7<\/td><td><a href=\"https:\/\/deluxecruises.com\/silversea\/silver-origin\/cruises-2023\/june-17-24.htm\">San Crist\u00f3bal, San Crist\u00f3bal to Baltra<\/a><br><a href=\"https:\/\/deluxecruises.com\/silversea\/silver-origin\/cruises-2023\/june-17-24.htm\">Voyage OR230617007<\/a><\/td><\/tr><tr><td><a href=\"https:\/\/deluxecruises.com\/deals\/index.php\"><\/a><\/td><td>June 24 July 1 2023<\/td><td>7<\/td><td><a href=\"https:\/\/deluxecruises.com\/silversea\/silver-origin\/cruises-2023\/june-24-july-1.htm\">Baltra to San Crist\u00f3bal, San Crist\u00f3bal<\/a><br><a href=\"https:\/\/deluxecruises.com\/silversea\/silver-origin\/cruises-2023\/june-24-july-1.htm\">Voyage OR230624007<\/a><\/td><\/tr><tr><td><a href=\"https:\/\/deluxecruises.com\/deals\/index.php\"><\/a><\/td><td>July 1-8 2023<\/td><td>7<\/td><td><a href=\"https:\/\/deluxecruises.com\/silversea\/silver-origin\/cruises-2023\/july-1-8.htm\">San Crist\u00f3bal, San Crist\u00f3bal to Baltra<\/a><br><a href=\"https:\/\/deluxecruises.com\/silversea\/silver-origin\/cruises-2023\/july-1-8.htm\">Voyage OR230701007<\/a><\/td><\/tr><tr><td><a href=\"https:\/\/deluxecruises.com\/deals\/index.php\"><\/a><\/td><td>July 8-15 2023<\/td><td>7<\/td><td><a href=\"https:\/\/deluxecruises.com\/silversea\/silver-origin\/cruises-2023\/july-8-15.htm\">Baltra to San Crist\u00f3bal, San Crist\u00f3bal<\/a><br><a href=\"https:\/\/deluxecruises.com\/silversea\/silver-origin\/cruises-2023\/july-8-15.htm\">Voyage OR230708007<\/a><\/td><\/tr><tr><td><a href=\"https:\/\/deluxecruises.com\/deals\/index.php\"><\/a><\/td><td>July 15-22 2023<\/td><td>7<\/td><td><a href=\"https:\/\/deluxecruises.com\/silversea\/silver-origin\/cruises-2023\/july-15-22.htm\">San Crist\u00f3bal, San Crist\u00f3bal to Baltra<\/a><br><a href=\"https:\/\/deluxecruises.com\/silversea\/silver-origin\/cruises-2023\/july-15-22.htm\">Voyage OR230715007<\/a><\/td><\/tr><tr><td><a href=\"https:\/\/deluxecruises.com\/deals\/index.php\"><\/a><\/td><td>July 22-29 2023<\/td><td>7<\/td><td><a href=\"https:\/\/deluxecruises.com\/silversea\/silver-origin\/cruises-2023\/july-22-29.htm\">Baltra to San Crist\u00f3bal, San Crist\u00f3bal<\/a><br><a href=\"https:\/\/deluxecruises.com\/silversea\/silver-origin\/cruises-2023\/july-22-29.htm\">Voyage OR230722007<\/a><\/td><\/tr><tr><td><a href=\"https:\/\/deluxecruises.com\/deals\/index.php\"><\/a><\/td><td>July 29 August 5 2023<\/td><td>7<\/td><td><a href=\"https:\/\/deluxecruises.com\/silversea\/silver-origin\/cruises-2023\/july-29-august-5.htm\">San Crist\u00f3bal, San Crist\u00f3bal to Baltra<\/a><br><a href=\"https:\/\/deluxecruises.com\/silversea\/silver-origin\/cruises-2023\/july-29-august-5.htm\">Voyage OR230729007<\/a><\/td><\/tr><tr><td><a href=\"https:\/\/deluxecruises.com\/deals\/index.php\"><\/a><\/td><td>August 5-12 2023<\/td><td>7<\/td><td><a href=\"https:\/\/deluxecruises.com\/silversea\/silver-origin\/cruises-2023\/august-5-12.htm\">Baltra to San Crist\u00f3bal, San Crist\u00f3bal<\/a><br><a href=\"https:\/\/deluxecruises.com\/silversea\/silver-origin\/cruises-2023\/august-5-12.htm\">Voyage OR230805007<\/a><\/td><\/tr><tr><td><a href=\"https:\/\/deluxecruises.com\/deals\/index.php\"><\/a><\/td><td>August 12-19 2023<\/td><td>7<\/td><td><a href=\"https:\/\/deluxecruises.com\/silversea\/silver-origin\/cruises-2023\/august-12-19.htm\">San Crist\u00f3bal, San Crist\u00f3bal to Baltra<\/a><br><a href=\"https:\/\/deluxecruises.com\/silversea\/silver-origin\/cruises-2023\/august-12-19.htm\">Voyage OR230812007<\/a><\/td><\/tr><tr><td><a href=\"https:\/\/deluxecruises.com\/deals\/index.php\"><\/a><\/td><td>August 19-26 2023<\/td><td>7<\/td><td><a href=\"https:\/\/deluxecruises.com\/silversea\/silver-origin\/cruises-2023\/august-19-26.htm\">Baltra to San Crist\u00f3bal, San Crist\u00f3bal<\/a><br><a href=\"https:\/\/deluxecruises.com\/silversea\/silver-origin\/cruises-2023\/august-19-26.htm\">Voyage OR230819007<\/a><\/td><\/tr><tr><td><a href=\"https:\/\/deluxecruises.com\/deals\/index.php\"><\/a><\/td><td>August 26 September 2 2023<\/td><td>7<\/td><td><a href=\"https:\/\/deluxecruises.com\/silversea\/silver-origin\/cruises-2023\/august-26-september-2.htm\">San Crist\u00f3bal, San Crist\u00f3bal to Baltra<\/a><br><a href=\"https:\/\/deluxecruises.com\/silversea\/silver-origin\/cruises-2023\/august-26-september-2.htm\">Voyage OR230826007<\/a><\/td><\/tr><tr><td><a href=\"https:\/\/deluxecruises.com\/deals\/index.php\"><\/a><\/td><td>September 2-9 2023<\/td><td>7<\/td><td><a href=\"https:\/\/deluxecruises.com\/silversea\/silver-origin\/cruises-2023\/september-2-9.htm\">Baltra to San Crist\u00f3bal, San Crist\u00f3bal<\/a><br><a href=\"https:\/\/deluxecruises.com\/silversea\/silver-origin\/cruises-2023\/september-2-9.htm\">Voyage OR230902007<\/a><\/td><\/tr><tr><td><a href=\"https:\/\/deluxecruises.com\/deals\/index.php\"><\/a><\/td><td>September 9-16 2023<\/td><td>7<\/td><td><a href=\"https:\/\/deluxecruises.com\/silversea\/silver-origin\/cruises-2023\/september-9-16.htm\">San Crist\u00f3bal, San Crist\u00f3bal to Baltra<\/a><br><a href=\"https:\/\/deluxecruises.com\/silversea\/silver-origin\/cruises-2023\/september-9-16.htm\">Voyage OR230909007<\/a><\/td><\/tr><tr><td><a href=\"https:\/\/deluxecruises.com\/deals\/index.php\"><\/a><\/td><td>September 16-23 2023<\/td><td>7<\/td><td><a href=\"https:\/\/deluxecruises.com\/silversea\/silver-origin\/cruises-2023\/september-16-23.htm\">Baltra to San Crist\u00f3bal, San Crist\u00f3ba<\/a><br><a href=\"https:\/\/deluxecruises.com\/silversea\/silver-origin\/cruises-2023\/september-16-23.htm\">Voyage OR230916007<\/a><\/td><\/tr><tr><td><a href=\"https:\/\/deluxecruises.com\/deals\/index.php\"><\/a><\/td><td>September 23-30 2023<\/td><td>7<\/td><td><a href=\"https:\/\/deluxecruises.com\/silversea\/silver-origin\/cruises-2023\/september-23-30.htm\">San Crist\u00f3bal, San Crist\u00f3bal to Baltra<\/a><br><a href=\"https:\/\/deluxecruises.com\/silversea\/silver-origin\/cruises-2023\/september-23-30.htm\">Voyage OR230923007<\/a><\/td><\/tr><tr><td><a href=\"https:\/\/deluxecruises.com\/deals\/index.php\"><\/a><\/td><td>September 30 October 7 2023<\/td><td>7<\/td><td><a href=\"https:\/\/deluxecruises.com\/silversea\/silver-origin\/cruises-2023\/september-30-october-7.htm\">Baltra to San Crist\u00f3bal, San Crist\u00f3bal<\/a><br><a href=\"https:\/\/deluxecruises.com\/silversea\/silver-origin\/cruises-2023\/september-30-october-7.htm\">Voyage OR230930007<\/a><\/td><\/tr><tr><td><a href=\"https:\/\/deluxecruises.com\/deals\/index.php\"><\/a><\/td><td>October 7-14 2023<\/td><td>7<\/td><td><a href=\"https:\/\/deluxecruises.com\/silversea\/silver-origin\/cruises-2023\/october-7-14.htm\">San Crist\u00f3bal, San Crist\u00f3bal to Baltra<\/a><br><a href=\"https:\/\/deluxecruises.com\/silversea\/silver-origin\/cruises-2023\/october-7-14.htm\">Voyage OR231007007<\/a><\/td><\/tr><tr><td><a href=\"https:\/\/deluxecruises.com\/deals\/index.php\"><\/a><\/td><td>October 14-21 2023<\/td><td>7<\/td><td><a href=\"https:\/\/deluxecruises.com\/silversea\/silver-origin\/cruises-2023\/october-14-21.htm\">Baltra to San Crist\u00f3bal, San Crist\u00f3bal<\/a><br><a href=\"https:\/\/deluxecruises.com\/silversea\/silver-origin\/cruises-2023\/october-14-21.htm\">Voyage OR231014007<\/a><\/td><\/tr><tr><td><a href=\"https:\/\/deluxecruises.com\/deals\/index.php\"><\/a><\/td><td>October 21-28 2023<\/td><td>7<\/td><td><a href=\"https:\/\/deluxecruises.com\/silversea\/silver-origin\/cruises-2023\/october-21-28.htm\">San Crist\u00f3bal, San Crist\u00f3bal to Baltra<\/a><br><a href=\"https:\/\/deluxecruises.com\/silversea\/silver-origin\/cruises-2023\/october-21-28.htm\">Voyage OR231021007<\/a><\/td><\/tr><tr><td><a href=\"https:\/\/deluxecruises.com\/deals\/index.php\"><\/a><\/td><td>October 28 November 4 2023<\/td><td>7<\/td><td><a href=\"https:\/\/deluxecruises.com\/silversea\/silver-origin\/cruises-2023\/october-28-november-4.htm\">Baltra to San Crist\u00f3bal, San Crist\u00f3bal<\/a><br><a href=\"https:\/\/deluxecruises.com\/silversea\/silver-origin\/cruises-2023\/october-28-november-4.htm\">Voyage OR231028007<\/a><\/td><\/tr><tr><td><a href=\"https:\/\/deluxecruises.com\/deals\/index.php\"><\/a><\/td><td>November 4-11 2023<\/td><td>7<\/td><td><a href=\"https:\/\/deluxecruises.com\/silversea\/silver-origin\/cruises-2023\/november-4-11.htm\">San Crist\u00f3bal, San Crist\u00f3bal to Baltra<\/a><br><a href=\"https:\/\/deluxecruises.com\/silversea\/silver-origin\/cruises-2023\/november-4-11.htm\">Voyage OR231104007<\/a><\/td><\/tr><tr><td><a href=\"https:\/\/deluxecruises.com\/deals\/index.php\"><\/a><\/td><td>November 11-18 2023<\/td><td>7<\/td><td><a href=\"https:\/\/deluxecruises.com\/silversea\/silver-origin\/cruises-2023\/november-11-18.htm\">Baltra to San Crist\u00f3bal, San Crist\u00f3bal<\/a><br><a href=\"https:\/\/deluxecruises.com\/silversea\/silver-origin\/cruises-2023\/november-11-18.htm\">Voyage OR231111007<\/a><\/td><\/tr><tr><td><a href=\"https:\/\/deluxecruises.com\/deals\/index.php\"><\/a><\/td><td>November 18-25 2023<\/td><td>7<\/td><td><a href=\"https:\/\/deluxecruises.com\/silversea\/silver-origin\/cruises-2023\/november-18-25.htm\">San Crist\u00f3bal, San Crist\u00f3bal to Baltra<\/a><br><a href=\"https:\/\/deluxecruises.com\/silversea\/silver-origin\/cruises-2023\/november-18-25.htm\">Voyage OR231118007<\/a><\/td><\/tr><tr><td><a href=\"https:\/\/deluxecruises.com\/deals\/index.php\"><\/a><\/td><td>November 25 December 2 2023<\/td><td>7<\/td><td><a href=\"https:\/\/deluxecruises.com\/silversea\/silver-origin\/cruises-2023\/november-25-december-2.htm\">Baltra to San Crist\u00f3bal, San Crist\u00f3bal<\/a><br><a href=\"https:\/\/deluxecruises.com\/silversea\/silver-origin\/cruises-2023\/november-25-december-2.htm\">Voyage OR231125007<\/a><\/td><\/tr><tr><td><a href=\"https:\/\/deluxecruises.com\/deals\/index.php\"><\/a><\/td><td>December 2-9 2023<\/td><td>7<\/td><td><a href=\"https:\/\/deluxecruises.com\/silversea\/silver-origin\/cruises-2023\/december-2-9.htm\">San Crist\u00f3bal, San Crist\u00f3bal to Baltra<\/a><br><a href=\"https:\/\/deluxecruises.com\/silversea\/silver-origin\/cruises-2023\/december-2-9.htm\">Voyage OR231202007<\/a><\/td><\/tr><tr><td><a href=\"https:\/\/deluxecruises.com\/deals\/index.php\"><\/a><\/td><td>December 9-16 2023<\/td><td>7<\/td><td><a href=\"https:\/\/deluxecruises.com\/silversea\/silver-origin\/cruises-2023\/december-9-16.htm\">Baltra to San Crist\u00f3bal, San Crist\u00f3bal<\/a><br><a href=\"https:\/\/deluxecruises.com\/silversea\/silver-origin\/cruises-2023\/december-9-16.htm\">Voyage OR231209007<\/a><\/td><\/tr><tr><td><a href=\"https:\/\/deluxecruises.com\/deals\/index.php\"><\/a><\/td><td>December 16-27 2023<\/td><td>11<\/td><td><a href=\"https:\/\/deluxecruises.com\/silversea\/silver-origin\/cruises-2023\/december-16-27.htm\">San Crist\u00f3bal, San Crist\u00f3bal to Baltra<\/a><br><a href=\"https:\/\/deluxecruises.com\/silversea\/silver-origin\/cruises-2023\/december-16-27.htm\">Voyage OR231216011<\/a><\/td><\/tr><tr><td><a href=\"https:\/\/deluxecruises.com\/deals\/index.php\"><\/a><\/td><td>December 27 2023 January 6 2024<\/td><td>10<\/td><td><a href=\"https:\/\/deluxecruises.com\/silversea\/silver-origin\/cruises-2023\/december-27-january-6.htm\">Baltra to Baltra<\/a><br><a href=\"https:\/\/deluxecruises.com\/silversea\/silver-origin\/cruises-2023\/december-27-january-6.htm\">Voyage OR231227010<\/a><\/td><\/tr><\/tbody><\/table><\/figure>\n","protected":false},"excerpt":{"rendered":"<p>January 7-14 2023 7 Baltra to San Cristobal (Galapguera)Voyage OR230107007 January 14-21 2023 7 San Cristobal (Galapguera) to BaltraVoyage OR230114007 January 21-28 2023 7 Baltra to San Cristobal (Galapguera)Voyage OR230121007 January 28 February 4 2023 7 San Cristobal (Galapguera) to BaltraVoyage OR230128007 February 4-11 2023 7 Baltra to San Cristobal (Galapguera)Voyage OR230204007 February 11-18 2023 7 San Cristobal (Galapguera) to BaltraVoyage OR230211007 February 18-25 2023 7 Baltra to San Cristobal (Galapguera)Voyage OR230218007 February 25 March 4 2023 7 San Cristobal (Galapguera) to BaltraVoyage OR230225007 March 4-11 2023 7 Baltra to San Cristobal (Galapguera)Voyage OR230304007 March 11-18 2023 7 San Cristobal (Galapguera) to BaltraVoyage OR230311007 March 18-25 2023 7 Baltra to San Cristobal (Galapguera)Voyage OR230318007 March 25 April 1 2023 7 San Cristobal (Galapguera) to BaltraVoyage OR230325007 April 1-8 2023 7 Baltra to San Cristobal (Galapguera)Voyage OR230401007 April 8-15 2023 7 San Crist\u00f3bal, San Crist\u00f3bal to BaltraVoyage OR230408007 April 15-22 2023 7 Baltra to San Crist\u00f3bal, San Crist\u00f3balVoyage OR230415007 April 22-29 2023 7 San Crist\u00f3bal, San Crist\u00f3bal to BaltraVoyage OR230422007 April 29 May 6 2023 7 Baltra to San Crist\u00f3bal, San Crist\u00f3balVoyage OR230429007 May 6-13 2023 7 San Crist\u00f3bal, San Crist\u00f3bal to BaltraVoyage OR230506007 May 13-20 2023 7 Baltra to San Crist\u00f3bal, San Crist\u00f3balVoyage OR230513007 May 20-27 2023 7 San Crist\u00f3bal, San Crist\u00f3bal to BaltraVoyage OR230520007 May 27 June 3 2023 7 Baltra to San Crist\u00f3bal, San Crist\u00f3balVoyage OR230527007 June 3-10 2023 7 San Crist\u00f3bal, San Crist\u00f3bal to BaltraVoyage OR230603007 June 10-17 2023 7 Baltra to San Crist\u00f3bal, San Crist\u00f3balVoyage OR230610007 June 17-24 2023 7 San Crist\u00f3bal, San Crist\u00f3bal to BaltraVoyage OR230617007 June 24 July 1 2023 7 Baltra to San Crist\u00f3bal, San Crist\u00f3balVoyage OR230624007 July 1-8 2023 7 San Crist\u00f3bal, San Crist\u00f3bal to BaltraVoyage OR230701007 July 8-15 2023 7 Baltra to San Crist\u00f3bal, San Crist\u00f3balVoyage OR230708007 July 15-22 2023 7 San Crist\u00f3bal, San Crist\u00f3bal to BaltraVoyage OR230715007 July 22-29 2023 7 Baltra to San Crist\u00f3bal, San Crist\u00f3balVoyage OR230722007 July 29 August 5 2023 7 San Crist\u00f3bal, San Crist\u00f3bal to BaltraVoyage OR230729007 August 5-12 2023 7 Baltra to San Crist\u00f3bal, San Crist\u00f3balVoyage OR230805007 August 12-19 2023 7 San Crist\u00f3bal, San Crist\u00f3bal to BaltraVoyage OR230812007 August 19-26 2023 7 Baltra to San Crist\u00f3bal, San Crist\u00f3balVoyage OR230819007 August 26 September 2 2023 7 San Crist\u00f3bal, San Crist\u00f3bal to BaltraVoyage OR230826007 September 2-9 2023 7 Baltra to San Crist\u00f3bal, San Crist\u00f3balVoyage OR230902007 September 9-16 2023 7 San Crist\u00f3bal, San Crist\u00f3bal to BaltraVoyage OR230909007 September 16-23 2023 7 Baltra to San Crist\u00f3bal, San Crist\u00f3baVoyage OR230916007 September 23-30 2023 7 San Crist\u00f3bal, San Crist\u00f3bal to BaltraVoyage OR230923007 September 30 October 7 2023 7 Baltra to San Crist\u00f3bal, San Crist\u00f3balVoyage OR230930007 October 7-14 2023 7 San Crist\u00f3bal, San Crist\u00f3bal to BaltraVoyage OR231007007 October 14-21 2023 7 Baltra to San Crist\u00f3bal, San Crist\u00f3balVoyage OR231014007 October 21-28 2023 7 San Crist\u00f3bal, San Crist\u00f3bal to BaltraVoyage OR231021007 October 28 November 4 2023 7 Baltra to San Crist\u00f3bal, San Crist\u00f3balVoyage OR231028007 November 4-11 2023 7 San Crist\u00f3bal, San Crist\u00f3bal to BaltraVoyage OR231104007 November 11-18 2023 7 Baltra to San Crist\u00f3bal, San Crist\u00f3balVoyage OR231111007 November 18-25 2023 7 San Crist\u00f3bal, San Crist\u00f3bal to BaltraVoyage OR231118007 November 25 December 2 2023 7 Baltra to San Crist\u00f3bal, San Crist\u00f3balVoyage OR231125007 December 2-9 2023 7 San Crist\u00f3bal, San Crist\u00f3bal to BaltraVoyage OR231202007 December 9-16 2023 7 Baltra to San Crist\u00f3bal, San Crist\u00f3balVoyage OR231209007 December 16-27 2023 11 San Crist\u00f3bal, San Crist\u00f3bal to BaltraVoyage OR231216011 December 27 2023 January 6 2024 10 Baltra to BaltraVoyage OR231227010<\/p>\n","protected":false},"author":1,"featured_media":0,"parent":264,"menu_order":0,"comment_status":"closed","ping_status":"closed","template":"","meta":{"footnotes":""},"class_list":["post-552","page","type-page","status-publish","hentry"],"_links":{"self":[{"href":"https:\/\/silversea-world-cruises.com\/index.php?rest_route=\/wp\/v2\/pages\/552","targetHints":{"allow":["GET"]}}],"collection":[{"href":"https:\/\/silversea-world-cruises.com\/index.php?rest_route=\/wp\/v2\/pages"}],"about":[{"href":"https:\/\/silversea-world-cruises.com\/index.php?rest_route=\/wp\/v2\/types\/page"}],"author":[{"embeddable":true,"href":"https:\/\/silversea-world-cruises.com\/index.php?rest_route=\/wp\/v2\/users\/1"}],"replies":[{"embeddable":true,"href":"https:\/\/silversea-world-cruises.com\/index.php?rest_route=%2Fwp%2Fv2%2Fcomments&post=552"}],"version-history":[{"count":2,"href":"https:\/\/silversea-world-cruises.com\/index.php?rest_route=\/wp\/v2\/pages\/552\/revisions"}],"predecessor-version":[{"id":624,"href":"https:\/\/silversea-world-cruises.com\/index.php?rest_route=\/wp\/v2\/pages\/552\/revisions\/624"}],"up":[{"embeddable":true,"href":"https:\/\/silversea-world-cruises.com\/index.php?rest_route=\/wp\/v2\/pages\/264"}],"wp:attachment":[{"href":"https:\/\/silversea-world-cruises.com\/index.php?rest_route=%2Fwp%2Fv2%2Fmedia&parent=552"}],"curies":[{"name":"wp","href":"https:\/\/api.w.org\/{rel}","templated":true}]}}